{"id":67,"date":"2018-11-13T17:27:01","date_gmt":"2018-11-13T17:27:01","guid":{"rendered":"http:\/\/www.chimpampum.com\/es\/?page_id=67"},"modified":"2020-03-23T11:12:49","modified_gmt":"2020-03-23T10:12:49","slug":"colabora","status":"publish","type":"page","link":"https:\/\/chimpampum.com\/es\/colabora\/","title":{"rendered":"\u00bfQuieres colaborar con nosotros?"},"content":{"rendered":"\n<div class=\"wpcf7 no-js\" id=\"wpcf7-f259-o1\" lang=\"es-ES\" dir=\"ltr\">\n<div class=\"screen-reader-response\"><p role=\"status\" aria-live=\"polite\" aria-atomic=\"true\"><\/p> <ul><\/ul><\/div>\n<form action=\"\/es\/wp-json\/wp\/v2\/pages\/67#wpcf7-f259-o1\" method=\"post\" class=\"wpcf7-form init\" aria-label=\"Formulario de contacto\" novalidate=\"novalidate\" data-status=\"init\">\n<div style=\"display: none;\">\n<input type=\"hidden\" name=\"_wpcf7\" value=\"259\" \/>\n<input type=\"hidden\" name=\"_wpcf7_version\" value=\"5.9.6\" \/>\n<input type=\"hidden\" name=\"_wpcf7_locale\" value=\"es_ES\" \/>\n<input type=\"hidden\" name=\"_wpcf7_unit_tag\" value=\"wpcf7-f259-o1\" \/>\n<input type=\"hidden\" name=\"_wpcf7_container_post\" value=\"0\" \/>\n<input type=\"hidden\" name=\"_wpcf7_posted_data_hash\" value=\"\" \/>\n<\/div>\n<p><label> Tu nombre (requerido)<br \/>\n<span class=\"wpcf7-form-control-wrap\" data-name=\"your-name\"><input size=\"40\" maxlength=\"80\" class=\"wpcf7-form-control wpcf7-text wpcf7-validates-as-required\" aria-required=\"true\" aria-invalid=\"false\" value=\"\" type=\"text\" name=\"your-name\" \/><\/span> <\/label>\n<\/p>\n<p><label> Tu correo electr\u00f3nico (requerido)<br \/>\n<span class=\"wpcf7-form-control-wrap\" data-name=\"your-email\"><input size=\"40\" maxlength=\"80\" class=\"wpcf7-form-control wpcf7-email wpcf7-validates-as-required wpcf7-text wpcf7-validates-as-email\" aria-required=\"true\" aria-invalid=\"false\" value=\"\" type=\"email\" name=\"your-email\" \/><\/span> <\/label>\n<\/p>\n<p><label> Asunto<br \/>\n<span class=\"wpcf7-form-control-wrap\" data-name=\"your-subject\"><input size=\"40\" maxlength=\"80\" class=\"wpcf7-form-control wpcf7-text\" aria-invalid=\"false\" value=\"\" type=\"text\" name=\"your-subject\" \/><\/span> <\/label>\n<\/p>\n<p><label> Expl\u00edcanos un poco en qu\u00e9 areas te especializas y c\u00f3mo quieres colaborar<br \/>\n<span class=\"wpcf7-form-control-wrap\" data-name=\"your-message\"><textarea cols=\"40\" rows=\"10\" maxlength=\"400\" class=\"wpcf7-form-control wpcf7-textarea\" aria-invalid=\"false\" name=\"your-message\"><\/textarea><\/span> <\/label>\n<\/p>\n<p><input class=\"wpcf7-form-control wpcf7-submit has-spinner\" type=\"submit\" value=\"Enviar\" \/>\n<\/p><p style=\"display: none !important;\" class=\"akismet-fields-container\" data-prefix=\"_wpcf7_ak_\"><label>&#916;<textarea name=\"_wpcf7_ak_hp_textarea\" cols=\"45\" rows=\"8\" maxlength=\"100\"><\/textarea><\/label><input type=\"hidden\" id=\"ak_js_1\" name=\"_wpcf7_ak_js\" value=\"203\"\/><script>document.getElementById( \"ak_js_1\" ).setAttribute( \"value\", ( new Date() ).getTime() );<\/script><\/p><div class=\"wpcf7-response-output\" aria-hidden=\"true\"><\/div>\n<\/form>\n<\/div>\n\n<!-- AddThis Advanced Settings generic via filter on the_content --><!-- AddThis Share Buttons generic via filter on the_content --><!-- AddThis Related Posts generic via filter on the_content -->","protected":false},"excerpt":{"rendered":"<p><!-- AddThis Advanced Settings generic via filter on get_the_excerpt --><!-- AddThis Share Buttons generic via filter on get_the_excerpt --><!-- AddThis Related Posts generic via filter on get_the_excerpt --><\/p>\n","protected":false},"author":2,"featured_media":347,"parent":0,"menu_order":0,"comment_status":"closed","ping_status":"closed","template":"","meta":{"footnotes":""},"yoast_head":"<!-- This site is optimized with the Yoast SEO plugin v22.9 - https:\/\/yoast.com\/wordpress\/plugins\/seo\/ -->\n<title>\u00bfQuieres colaborar con nosotros? - CHIMPAMPUM<\/title>\n<meta name=\"description\" content=\"\u00bfTienes algo que aportar al mundo?\u00bfQuieres aportar tu granito de arena? Si te interesa la ciencia, tecnolog\u00eda y entender c\u00f3mo funciona el mundo \u00a1escr\u00edbenos!\" \/>\n<meta name=\"robots\" content=\"index, follow, max-snippet:-1, max-image-preview:large, max-video-preview:-1\" \/>\n<link rel=\"canonical\" href=\"https:\/\/chimpampum.com\/es\/colabora\/\" \/>\n<meta property=\"og:locale\" content=\"es_ES\" \/>\n<meta property=\"og:type\" content=\"article\" \/>\n<meta property=\"og:title\" content=\"\u00bfQuieres colaborar con nosotros? - CHIMPAMPUM\" \/>\n<meta property=\"og:description\" content=\"\u00bfTienes algo que aportar al mundo?\u00bfQuieres aportar tu granito de arena? Si te interesa la ciencia, tecnolog\u00eda y entender c\u00f3mo funciona el mundo \u00a1escr\u00edbenos!\" \/>\n<meta property=\"og:url\" content=\"https:\/\/chimpampum.com\/es\/colabora\/\" \/>\n<meta property=\"og:site_name\" content=\"CHIMPAMPUM\" \/>\n<meta property=\"article:publisher\" content=\"https:\/\/www.facebook.com\/chimpampumOficial\/\" \/>\n<meta property=\"article:modified_time\" content=\"2020-03-23T10:12:49+00:00\" \/>\n<meta property=\"og:image\" content=\"https:\/\/chimpampum.com\/es\/wp-content\/uploads\/2019\/01\/50358765_s.jpg\" \/>\n\t<meta property=\"og:image:width\" content=\"842\" \/>\n\t<meta property=\"og:image:height\" content=\"569\" \/>\n\t<meta property=\"og:image:type\" content=\"image\/jpeg\" \/>\n<meta name=\"twitter:card\" content=\"summary_large_image\" \/>\n<meta name=\"twitter:site\" content=\"@Chimpam_Oficial\" \/>\n<script type=\"application\/ld+json\" class=\"yoast-schema-graph\">{\"@context\":\"https:\/\/schema.org\",\"@graph\":[{\"@type\":\"WebPage\",\"@id\":\"https:\/\/chimpampum.com\/es\/colabora\/\",\"url\":\"https:\/\/chimpampum.com\/es\/colabora\/\",\"name\":\"\u00bfQuieres colaborar con nosotros? - CHIMPAMPUM\",\"isPartOf\":{\"@id\":\"https:\/\/chimpampum.com\/es\/#website\"},\"primaryImageOfPage\":{\"@id\":\"https:\/\/chimpampum.com\/es\/colabora\/#primaryimage\"},\"image\":{\"@id\":\"https:\/\/chimpampum.com\/es\/colabora\/#primaryimage\"},\"thumbnailUrl\":\"https:\/\/chimpampum.com\/es\/wp-content\/uploads\/2019\/01\/50358765_s.jpg\",\"datePublished\":\"2018-11-13T17:27:01+00:00\",\"dateModified\":\"2020-03-23T10:12:49+00:00\",\"description\":\"\u00bfTienes algo que aportar al mundo?\u00bfQuieres aportar tu granito de arena? Si te interesa la ciencia, tecnolog\u00eda y entender c\u00f3mo funciona el mundo \u00a1escr\u00edbenos!\",\"breadcrumb\":{\"@id\":\"https:\/\/chimpampum.com\/es\/colabora\/#breadcrumb\"},\"inLanguage\":\"es\",\"potentialAction\":[{\"@type\":\"ReadAction\",\"target\":[\"https:\/\/chimpampum.com\/es\/colabora\/\"]}]},{\"@type\":\"ImageObject\",\"inLanguage\":\"es\",\"@id\":\"https:\/\/chimpampum.com\/es\/colabora\/#primaryimage\",\"url\":\"https:\/\/chimpampum.com\/es\/wp-content\/uploads\/2019\/01\/50358765_s.jpg\",\"contentUrl\":\"https:\/\/chimpampum.com\/es\/wp-content\/uploads\/2019\/01\/50358765_s.jpg\",\"width\":842,\"height\":569,\"caption\":\"Colabora con chimpampum\"},{\"@type\":\"BreadcrumbList\",\"@id\":\"https:\/\/chimpampum.com\/es\/colabora\/#breadcrumb\",\"itemListElement\":[{\"@type\":\"ListItem\",\"position\":1,\"name\":\"Inicio\",\"item\":\"https:\/\/chimpampum.com\/es\/\"},{\"@type\":\"ListItem\",\"position\":2,\"name\":\"\u00bfQuieres colaborar con nosotros?\"}]},{\"@type\":\"WebSite\",\"@id\":\"https:\/\/chimpampum.com\/es\/#website\",\"url\":\"https:\/\/chimpampum.com\/es\/\",\"name\":\"CHIMPAMPUM\",\"description\":\"\u00a1Ya lo entiendo!\",\"publisher\":{\"@id\":\"https:\/\/chimpampum.com\/es\/#organization\"},\"potentialAction\":[{\"@type\":\"SearchAction\",\"target\":{\"@type\":\"EntryPoint\",\"urlTemplate\":\"https:\/\/chimpampum.com\/es\/?s={search_term_string}\"},\"query-input\":\"required name=search_term_string\"}],\"inLanguage\":\"es\"},{\"@type\":\"Organization\",\"@id\":\"https:\/\/chimpampum.com\/es\/#organization\",\"name\":\"CHiMPAMPUM\",\"url\":\"https:\/\/chimpampum.com\/es\/\",\"logo\":{\"@type\":\"ImageObject\",\"inLanguage\":\"es\",\"@id\":\"https:\/\/chimpampum.com\/es\/#\/schema\/logo\/image\/\",\"url\":\"https:\/\/chimpampum.com\/es\/wp-content\/uploads\/2018\/11\/Logo-Chimpampum_i_petita_v2.png\",\"contentUrl\":\"https:\/\/chimpampum.com\/es\/wp-content\/uploads\/2018\/11\/Logo-Chimpampum_i_petita_v2.png\",\"width\":189,\"height\":201,\"caption\":\"CHiMPAMPUM\"},\"image\":{\"@id\":\"https:\/\/chimpampum.com\/es\/#\/schema\/logo\/image\/\"},\"sameAs\":[\"https:\/\/www.facebook.com\/chimpampumOficial\/\",\"https:\/\/x.com\/Chimpam_Oficial\"]}]}<\/script>\n<!-- \/ Yoast SEO plugin. -->","yoast_head_json":{"title":"\u00bfQuieres colaborar con nosotros? - CHIMPAMPUM","description":"\u00bfTienes algo que aportar al mundo?\u00bfQuieres aportar tu granito de arena? Si te interesa la ciencia, tecnolog\u00eda y entender c\u00f3mo funciona el mundo \u00a1escr\u00edbenos!","robots":{"index":"index","follow":"follow","max-snippet":"max-snippet:-1","max-image-preview":"max-image-preview:large","max-video-preview":"max-video-preview:-1"},"canonical":"https:\/\/chimpampum.com\/es\/colabora\/","og_locale":"es_ES","og_type":"article","og_title":"\u00bfQuieres colaborar con nosotros? - CHIMPAMPUM","og_description":"\u00bfTienes algo que aportar al mundo?\u00bfQuieres aportar tu granito de arena? Si te interesa la ciencia, tecnolog\u00eda y entender c\u00f3mo funciona el mundo \u00a1escr\u00edbenos!","og_url":"https:\/\/chimpampum.com\/es\/colabora\/","og_site_name":"CHIMPAMPUM","article_publisher":"https:\/\/www.facebook.com\/chimpampumOficial\/","article_modified_time":"2020-03-23T10:12:49+00:00","og_image":[{"width":842,"height":569,"url":"https:\/\/chimpampum.com\/es\/wp-content\/uploads\/2019\/01\/50358765_s.jpg","type":"image\/jpeg"}],"twitter_card":"summary_large_image","twitter_site":"@Chimpam_Oficial","schema":{"@context":"https:\/\/schema.org","@graph":[{"@type":"WebPage","@id":"https:\/\/chimpampum.com\/es\/colabora\/","url":"https:\/\/chimpampum.com\/es\/colabora\/","name":"\u00bfQuieres colaborar con nosotros? - CHIMPAMPUM","isPartOf":{"@id":"https:\/\/chimpampum.com\/es\/#website"},"primaryImageOfPage":{"@id":"https:\/\/chimpampum.com\/es\/colabora\/#primaryimage"},"image":{"@id":"https:\/\/chimpampum.com\/es\/colabora\/#primaryimage"},"thumbnailUrl":"https:\/\/chimpampum.com\/es\/wp-content\/uploads\/2019\/01\/50358765_s.jpg","datePublished":"2018-11-13T17:27:01+00:00","dateModified":"2020-03-23T10:12:49+00:00","description":"\u00bfTienes algo que aportar al mundo?\u00bfQuieres aportar tu granito de arena? Si te interesa la ciencia, tecnolog\u00eda y entender c\u00f3mo funciona el mundo \u00a1escr\u00edbenos!","breadcrumb":{"@id":"https:\/\/chimpampum.com\/es\/colabora\/#breadcrumb"},"inLanguage":"es","potentialAction":[{"@type":"ReadAction","target":["https:\/\/chimpampum.com\/es\/colabora\/"]}]},{"@type":"ImageObject","inLanguage":"es","@id":"https:\/\/chimpampum.com\/es\/colabora\/#primaryimage","url":"https:\/\/chimpampum.com\/es\/wp-content\/uploads\/2019\/01\/50358765_s.jpg","contentUrl":"https:\/\/chimpampum.com\/es\/wp-content\/uploads\/2019\/01\/50358765_s.jpg","width":842,"height":569,"caption":"Colabora con chimpampum"},{"@type":"BreadcrumbList","@id":"https:\/\/chimpampum.com\/es\/colabora\/#breadcrumb","itemListElement":[{"@type":"ListItem","position":1,"name":"Inicio","item":"https:\/\/chimpampum.com\/es\/"},{"@type":"ListItem","position":2,"name":"\u00bfQuieres colaborar con nosotros?"}]},{"@type":"WebSite","@id":"https:\/\/chimpampum.com\/es\/#website","url":"https:\/\/chimpampum.com\/es\/","name":"CHIMPAMPUM","description":"\u00a1Ya lo entiendo!","publisher":{"@id":"https:\/\/chimpampum.com\/es\/#organization"},"potentialAction":[{"@type":"SearchAction","target":{"@type":"EntryPoint","urlTemplate":"https:\/\/chimpampum.com\/es\/?s={search_term_string}"},"query-input":"required name=search_term_string"}],"inLanguage":"es"},{"@type":"Organization","@id":"https:\/\/chimpampum.com\/es\/#organization","name":"CHiMPAMPUM","url":"https:\/\/chimpampum.com\/es\/","logo":{"@type":"ImageObject","inLanguage":"es","@id":"https:\/\/chimpampum.com\/es\/#\/schema\/logo\/image\/","url":"https:\/\/chimpampum.com\/es\/wp-content\/uploads\/2018\/11\/Logo-Chimpampum_i_petita_v2.png","contentUrl":"https:\/\/chimpampum.com\/es\/wp-content\/uploads\/2018\/11\/Logo-Chimpampum_i_petita_v2.png","width":189,"height":201,"caption":"CHiMPAMPUM"},"image":{"@id":"https:\/\/chimpampum.com\/es\/#\/schema\/logo\/image\/"},"sameAs":["https:\/\/www.facebook.com\/chimpampumOficial\/","https:\/\/x.com\/Chimpam_Oficial"]}]}},"amp_enabled":true,"_links":{"self":[{"href":"https:\/\/chimpampum.com\/es\/wp-json\/wp\/v2\/pages\/67"}],"collection":[{"href":"https:\/\/chimpampum.com\/es\/wp-json\/wp\/v2\/pages"}],"about":[{"href":"https:\/\/chimpampum.com\/es\/wp-json\/wp\/v2\/types\/page"}],"author":[{"embeddable":true,"href":"https:\/\/chimpampum.com\/es\/wp-json\/wp\/v2\/users\/2"}],"replies":[{"embeddable":true,"href":"https:\/\/chimpampum.com\/es\/wp-json\/wp\/v2\/comments?post=67"}],"version-history":[{"count":3,"href":"https:\/\/chimpampum.com\/es\/wp-json\/wp\/v2\/pages\/67\/revisions"}],"predecessor-version":[{"id":260,"href":"https:\/\/chimpampum.com\/es\/wp-json\/wp\/v2\/pages\/67\/revisions\/260"}],"wp:featuredmedia":[{"embeddable":true,"href":"https:\/\/chimpampum.com\/es\/wp-json\/wp\/v2\/media\/347"}],"wp:attachment":[{"href":"https:\/\/chimpampum.com\/es\/wp-json\/wp\/v2\/media?parent=67"}],"curies":[{"name":"wp","href":"https:\/\/api.w.org\/{rel}","templated":true}]}}