{"id":106,"date":"2018-12-18T17:00:05","date_gmt":"2018-12-18T17:00:05","guid":{"rendered":"http:\/\/www.chimpampum.com\/es\/?page_id=106"},"modified":"2019-02-08T13:41:25","modified_gmt":"2019-02-08T12:41:25","slug":"contacta-con-nosotros","status":"publish","type":"page","link":"https:\/\/chimpampum.com\/es\/contacta-con-nosotros\/","title":{"rendered":"Contacta con nosotros"},"content":{"rendered":"\n<p>Escr\u00edbenos desde aqu\u00ed si quieres informarnos de un problema t\u00e9cnico, contactar con los editores o pedir informaci\u00f3n para anunciarte. <\/p>\n\n\n<div class=\"frm_forms  with_frm_style frm_style_formidable-style\" id=\"frm_form_1_container\" >\n<form enctype=\"multipart\/form-data\" method=\"post\" class=\"frm-show-form  frm_js_validate \" id=\"form_contact-form\"  >\n<div class=\"frm_form_fields \">\n<fieldset>\n<legend class=\"frm_screen_reader\">Contacta con nosotros<\/legend>\r\n\r\n<div class=\"frm_fields_container\">\n<input type=\"hidden\" name=\"frm_action\" value=\"create\" \/>\n<input type=\"hidden\" name=\"form_id\" value=\"1\" \/>\n<input type=\"hidden\" name=\"frm_hide_fields_1\" id=\"frm_hide_fields_1\" value=\"\" \/>\n<input type=\"hidden\" name=\"form_key\" value=\"contact-form\" \/>\n<input type=\"hidden\" name=\"item_meta[0]\" value=\"\" \/>\n<input type=\"hidden\" id=\"frm_submit_entry_1\" name=\"frm_submit_entry_1\" value=\"62f7ae3d2e\" \/><input type=\"hidden\" name=\"_wp_http_referer\" value=\"\/es\/wp-json\/wp\/v2\/pages\/106\" \/><div id=\"frm_field_1_container\" class=\"frm_form_field form-field  frm_required_field frm_top_container frm_half\">\r\n    <label for=\"field_qh4icy\" class=\"frm_primary_label\">Tu nombre\r\n        <span class=\"frm_required\">*<\/span>\r\n    <\/label>\r\n    <input type=\"text\" id=\"field_qh4icy\" name=\"item_meta[1]\" value=\"\"  data-reqmsg=\"El campo no puede estar vac\u00edo.\" aria-required=\"true\" data-invmsg=\"Name is invalid\" aria-invalid=\"false\"  \/>\r\n    \r\n    \r\n<\/div>\n<div id=\"frm_field_3_container\" class=\"frm_form_field form-field  frm_required_field frm_top_container frm_half\">\r\n    <label for=\"field_29yf4d\" class=\"frm_primary_label\">Tu email\r\n        <span class=\"frm_required\">*<\/span>\r\n    <\/label>\r\n    <input type=\"email\" id=\"field_29yf4d\" name=\"item_meta[3]\" value=\"\"  data-reqmsg=\"El campo no puede estar vac\u00edo.\" aria-required=\"true\" data-invmsg=\"La direcci\u00f3n de correo electr\u00f3nico que has introducido no es v\u00e1lida.\" aria-invalid=\"false\"  \/>\r\n    \r\n    \r\n<\/div>\n<div id=\"frm_field_9_container\" class=\"frm_form_field form-field  frm_required_field frm_top_container frm_half vertical_radio\">\r\n    <label for=\"field_l6bo6\" class=\"frm_primary_label\">Motivo\r\n        <span class=\"frm_required\">*<\/span>\r\n    <\/label>\r\n    <div class=\"frm_opt_container\">\t\t<div class=\"frm_radio\" id=\"frm_radio_9-0\"><label for=\"field_l6bo6-0\">\t\t<input type=\"radio\" name=\"item_meta[9]\" id=\"field_l6bo6-0\" value=\"Avisar de un problema t\u00e9cnico\"\n\t\t   data-reqmsg=\"Selecciona el motivo de tu mensaje\" data-invmsg=\"Motivo no es v\u00e1lido\" aria-invalid=\"false\"  \/> Avisar de un problema t\u00e9cnico<\/label><\/div>\n\t\t<div class=\"frm_radio\" id=\"frm_radio_9-1\"><label for=\"field_l6bo6-1\">\t\t<input type=\"radio\" name=\"item_meta[9]\" id=\"field_l6bo6-1\" value=\"Pedir informaci\u00f3n para anunciarme\"\n\t\t   data-reqmsg=\"Selecciona el motivo de tu mensaje\" data-invmsg=\"Motivo no es v\u00e1lido\" aria-invalid=\"false\"  \/> Pedir informaci\u00f3n para anunciarme<\/label><\/div>\n\t\t<div class=\"frm_radio\" id=\"frm_radio_9-2\"><label for=\"field_l6bo6-2\">\t\t<input type=\"radio\" name=\"item_meta[9]\" id=\"field_l6bo6-2\" value=\"Contactar con los editores\"\n\t\t   data-reqmsg=\"Selecciona el motivo de tu mensaje\" data-invmsg=\"Motivo no es v\u00e1lido\" aria-invalid=\"false\"  \/> Contactar con los editores<\/label><\/div>\n<\/div>\r\n    \r\n    \r\n<\/div>\n<div id=\"frm_field_4_container\" class=\"frm_form_field form-field  frm_required_field frm_top_container frm_half\">\r\n    <label for=\"field_e6lis6\" class=\"frm_primary_label\">Asunto\r\n        <span class=\"frm_required\">*<\/span>\r\n    <\/label>\r\n    <input type=\"text\" id=\"field_e6lis6\" name=\"item_meta[4]\" value=\"\"  data-reqmsg=\"El campo no puede estar vac\u00edo.\" aria-required=\"true\" data-invmsg=\"Subject is invalid\" aria-invalid=\"false\"  \/>\r\n    \r\n    \r\n<\/div>\n<div id=\"frm_field_5_container\" class=\"frm_form_field form-field  frm_required_field frm_top_container frm_full\">\r\n    <label for=\"field_9jv0r1\" class=\"frm_primary_label\">Tu mensaje\r\n        <span class=\"frm_required\">*<\/span>\r\n    <\/label>\r\n    <textarea name=\"item_meta[5]\" id=\"field_9jv0r1\" rows=\"5\"  data-reqmsg=\"El campo no puede estar vac\u00edo.\" aria-required=\"true\" data-invmsg=\"Tu mensaje no es v\u00e1lido\" aria-invalid=\"false\"  ><\/textarea>\r\n    \r\n    \r\n<\/div>\n<div id=\"frm_field_11_container\" class=\"frm_form_field form-field  frm_required_field frm_none_container frm_full vertical_radio\">\r\n    <div  id=\"field_7h5jd_label\" class=\"frm_primary_label\"> \r\n        <span class=\"frm_required\"><\/span>\r\n    <\/div>\r\n    <div class=\"frm_opt_container\" aria-labelledby=\"field_7h5jd_label\" role=\"group\">\t\t<div class=\"frm_checkbox\" id=\"frm_checkbox_11-0\"><label for=\"field_7h5jd-0\"><input type=\"checkbox\" name=\"item_meta[11][]\" id=\"field_7h5jd-0\" value=\"He le\u00eddo y acepto la pol\u00edtica de privacidad\"  data-reqmsg=\"Tienes que aceptar la pol\u00edtica de privacidad.\" data-invmsg=\"  no es v\u00e1lido\" aria-invalid=\"false\"   aria-required=\"true\"  \/> He le\u00eddo y acepto la pol\u00edtica de privacidad<\/label><\/div>\n<\/div>\r\n    \r\n    \r\n<\/div>\n<div id=\"frm_field_6_container\" class=\"frm_form_field form-field  frm_none_container\">\r\n    <label  class=\"frm_primary_label\">reCAPTCHA\r\n        <span class=\"frm_required\"><\/span>\r\n    <\/label>\r\n    <div  id=\"field_b6xo5\" class=\"g-recaptcha\" data-sitekey=\"6Lc7HJAUAAAAACndCyjGoQQl25cbmwd7r7SZ-232\" data-size=\"normal\" data-theme=\"light\"><\/div>\r\n    \r\n    \r\n<\/div>\n\t<input type=\"hidden\" name=\"item_key\" value=\"\" \/>\n\t<div class=\"frm_submit\">\r\n\r\n<button class=\"frm_button_submit\" type=\"submit\"  >Enviar<\/button>\r\n\r\n<\/div><\/div>\n<\/fieldset>\n<\/div>\n<p style=\"display: none !important;\" class=\"akismet-fields-container\" data-prefix=\"ak_\"><label>&#916;<textarea name=\"ak_hp_textarea\" cols=\"45\" rows=\"8\" maxlength=\"100\"><\/textarea><\/label><input type=\"hidden\" id=\"ak_js_1\" name=\"ak_js\" value=\"2\"\/><script>document.getElementById( \"ak_js_1\" ).setAttribute( \"value\", ( new Date() ).getTime() );<\/script><\/p><\/form>\n<\/div>\n<!-- AddThis Advanced Settings generic via filter on the_content --><!-- AddThis Share Buttons generic via filter on the_content --><!-- AddThis Related Posts generic via filter on the_content -->","protected":false},"excerpt":{"rendered":"<p>Escr\u00edbenos desde aqu\u00ed si quieres informarnos de un problema t\u00e9cnico, contactar con los editores o pedir informaci\u00f3n para anunciarte.<!-- AddThis Advanced Settings generic via filter on get_the_excerpt --><!-- AddThis Share Buttons generic via filter on get_the_excerpt --><!-- AddThis Related Posts generic via filter on get_the_excerpt --><\/p>\n","protected":false},"author":2,"featured_media":0,"parent":0,"menu_order":0,"comment_status":"closed","ping_status":"closed","template":"custom-page.php","meta":{"footnotes":""},"yoast_head":"<!-- This site is optimized with the Yoast SEO plugin v22.9 - https:\/\/yoast.com\/wordpress\/plugins\/seo\/ -->\n<title>Contacta con nosotros - CHIMPAMPUM<\/title>\n<meta name=\"description\" content=\"Contacta con nosotros para cualquier duda que se te ocurra. Estaremos encantados de ayudarte o guiarte en lo que podamos :)\" \/>\n<meta name=\"robots\" content=\"index, follow, max-snippet:-1, max-image-preview:large, max-video-preview:-1\" \/>\n<link rel=\"canonical\" href=\"https:\/\/chimpampum.com\/es\/contacta-con-nosotros\/\" \/>\n<meta property=\"og:locale\" content=\"es_ES\" \/>\n<meta property=\"og:type\" content=\"article\" \/>\n<meta property=\"og:title\" content=\"Contacta con nosotros - CHIMPAMPUM\" \/>\n<meta property=\"og:description\" content=\"Contacta con nosotros para cualquier duda que se te ocurra. Estaremos encantados de ayudarte o guiarte en lo que podamos :)\" \/>\n<meta property=\"og:url\" content=\"https:\/\/chimpampum.com\/es\/contacta-con-nosotros\/\" \/>\n<meta property=\"og:site_name\" content=\"CHIMPAMPUM\" \/>\n<meta property=\"article:publisher\" content=\"https:\/\/www.facebook.com\/chimpampumOficial\/\" \/>\n<meta property=\"article:modified_time\" content=\"2019-02-08T12:41:25+00:00\" \/>\n<meta name=\"twitter:card\" content=\"summary_large_image\" \/>\n<meta name=\"twitter:site\" content=\"@Chimpam_Oficial\" \/>\n<script type=\"application\/ld+json\" class=\"yoast-schema-graph\">{\"@context\":\"https:\/\/schema.org\",\"@graph\":[{\"@type\":\"WebPage\",\"@id\":\"https:\/\/chimpampum.com\/es\/contacta-con-nosotros\/\",\"url\":\"https:\/\/chimpampum.com\/es\/contacta-con-nosotros\/\",\"name\":\"Contacta con nosotros - CHIMPAMPUM\",\"isPartOf\":{\"@id\":\"https:\/\/chimpampum.com\/es\/#website\"},\"datePublished\":\"2018-12-18T17:00:05+00:00\",\"dateModified\":\"2019-02-08T12:41:25+00:00\",\"description\":\"Contacta con nosotros para cualquier duda que se te ocurra. Estaremos encantados de ayudarte o guiarte en lo que podamos :)\",\"breadcrumb\":{\"@id\":\"https:\/\/chimpampum.com\/es\/contacta-con-nosotros\/#breadcrumb\"},\"inLanguage\":\"es\",\"potentialAction\":[{\"@type\":\"ReadAction\",\"target\":[\"https:\/\/chimpampum.com\/es\/contacta-con-nosotros\/\"]}]},{\"@type\":\"BreadcrumbList\",\"@id\":\"https:\/\/chimpampum.com\/es\/contacta-con-nosotros\/#breadcrumb\",\"itemListElement\":[{\"@type\":\"ListItem\",\"position\":1,\"name\":\"Inicio\",\"item\":\"https:\/\/chimpampum.com\/es\/\"},{\"@type\":\"ListItem\",\"position\":2,\"name\":\"Contacta con nosotros\"}]},{\"@type\":\"WebSite\",\"@id\":\"https:\/\/chimpampum.com\/es\/#website\",\"url\":\"https:\/\/chimpampum.com\/es\/\",\"name\":\"CHIMPAMPUM\",\"description\":\"\u00a1Ya lo entiendo!\",\"publisher\":{\"@id\":\"https:\/\/chimpampum.com\/es\/#organization\"},\"potentialAction\":[{\"@type\":\"SearchAction\",\"target\":{\"@type\":\"EntryPoint\",\"urlTemplate\":\"https:\/\/chimpampum.com\/es\/?s={search_term_string}\"},\"query-input\":\"required name=search_term_string\"}],\"inLanguage\":\"es\"},{\"@type\":\"Organization\",\"@id\":\"https:\/\/chimpampum.com\/es\/#organization\",\"name\":\"CHiMPAMPUM\",\"url\":\"https:\/\/chimpampum.com\/es\/\",\"logo\":{\"@type\":\"ImageObject\",\"inLanguage\":\"es\",\"@id\":\"https:\/\/chimpampum.com\/es\/#\/schema\/logo\/image\/\",\"url\":\"https:\/\/chimpampum.com\/es\/wp-content\/uploads\/2018\/11\/Logo-Chimpampum_i_petita_v2.png\",\"contentUrl\":\"https:\/\/chimpampum.com\/es\/wp-content\/uploads\/2018\/11\/Logo-Chimpampum_i_petita_v2.png\",\"width\":189,\"height\":201,\"caption\":\"CHiMPAMPUM\"},\"image\":{\"@id\":\"https:\/\/chimpampum.com\/es\/#\/schema\/logo\/image\/\"},\"sameAs\":[\"https:\/\/www.facebook.com\/chimpampumOficial\/\",\"https:\/\/x.com\/Chimpam_Oficial\"]}]}<\/script>\n<!-- \/ Yoast SEO plugin. -->","yoast_head_json":{"title":"Contacta con nosotros - CHIMPAMPUM","description":"Contacta con nosotros para cualquier duda que se te ocurra. Estaremos encantados de ayudarte o guiarte en lo que podamos :)","robots":{"index":"index","follow":"follow","max-snippet":"max-snippet:-1","max-image-preview":"max-image-preview:large","max-video-preview":"max-video-preview:-1"},"canonical":"https:\/\/chimpampum.com\/es\/contacta-con-nosotros\/","og_locale":"es_ES","og_type":"article","og_title":"Contacta con nosotros - CHIMPAMPUM","og_description":"Contacta con nosotros para cualquier duda que se te ocurra. Estaremos encantados de ayudarte o guiarte en lo que podamos :)","og_url":"https:\/\/chimpampum.com\/es\/contacta-con-nosotros\/","og_site_name":"CHIMPAMPUM","article_publisher":"https:\/\/www.facebook.com\/chimpampumOficial\/","article_modified_time":"2019-02-08T12:41:25+00:00","twitter_card":"summary_large_image","twitter_site":"@Chimpam_Oficial","schema":{"@context":"https:\/\/schema.org","@graph":[{"@type":"WebPage","@id":"https:\/\/chimpampum.com\/es\/contacta-con-nosotros\/","url":"https:\/\/chimpampum.com\/es\/contacta-con-nosotros\/","name":"Contacta con nosotros - CHIMPAMPUM","isPartOf":{"@id":"https:\/\/chimpampum.com\/es\/#website"},"datePublished":"2018-12-18T17:00:05+00:00","dateModified":"2019-02-08T12:41:25+00:00","description":"Contacta con nosotros para cualquier duda que se te ocurra. Estaremos encantados de ayudarte o guiarte en lo que podamos :)","breadcrumb":{"@id":"https:\/\/chimpampum.com\/es\/contacta-con-nosotros\/#breadcrumb"},"inLanguage":"es","potentialAction":[{"@type":"ReadAction","target":["https:\/\/chimpampum.com\/es\/contacta-con-nosotros\/"]}]},{"@type":"BreadcrumbList","@id":"https:\/\/chimpampum.com\/es\/contacta-con-nosotros\/#breadcrumb","itemListElement":[{"@type":"ListItem","position":1,"name":"Inicio","item":"https:\/\/chimpampum.com\/es\/"},{"@type":"ListItem","position":2,"name":"Contacta con nosotros"}]},{"@type":"WebSite","@id":"https:\/\/chimpampum.com\/es\/#website","url":"https:\/\/chimpampum.com\/es\/","name":"CHIMPAMPUM","description":"\u00a1Ya lo entiendo!","publisher":{"@id":"https:\/\/chimpampum.com\/es\/#organization"},"potentialAction":[{"@type":"SearchAction","target":{"@type":"EntryPoint","urlTemplate":"https:\/\/chimpampum.com\/es\/?s={search_term_string}"},"query-input":"required name=search_term_string"}],"inLanguage":"es"},{"@type":"Organization","@id":"https:\/\/chimpampum.com\/es\/#organization","name":"CHiMPAMPUM","url":"https:\/\/chimpampum.com\/es\/","logo":{"@type":"ImageObject","inLanguage":"es","@id":"https:\/\/chimpampum.com\/es\/#\/schema\/logo\/image\/","url":"https:\/\/chimpampum.com\/es\/wp-content\/uploads\/2018\/11\/Logo-Chimpampum_i_petita_v2.png","contentUrl":"https:\/\/chimpampum.com\/es\/wp-content\/uploads\/2018\/11\/Logo-Chimpampum_i_petita_v2.png","width":189,"height":201,"caption":"CHiMPAMPUM"},"image":{"@id":"https:\/\/chimpampum.com\/es\/#\/schema\/logo\/image\/"},"sameAs":["https:\/\/www.facebook.com\/chimpampumOficial\/","https:\/\/x.com\/Chimpam_Oficial"]}]}},"amp_enabled":false,"_links":{"self":[{"href":"https:\/\/chimpampum.com\/es\/wp-json\/wp\/v2\/pages\/106"}],"collection":[{"href":"https:\/\/chimpampum.com\/es\/wp-json\/wp\/v2\/pages"}],"about":[{"href":"https:\/\/chimpampum.com\/es\/wp-json\/wp\/v2\/types\/page"}],"author":[{"embeddable":true,"href":"https:\/\/chimpampum.com\/es\/wp-json\/wp\/v2\/users\/2"}],"replies":[{"embeddable":true,"href":"https:\/\/chimpampum.com\/es\/wp-json\/wp\/v2\/comments?post=106"}],"version-history":[{"count":5,"href":"https:\/\/chimpampum.com\/es\/wp-json\/wp\/v2\/pages\/106\/revisions"}],"predecessor-version":[{"id":778,"href":"https:\/\/chimpampum.com\/es\/wp-json\/wp\/v2\/pages\/106\/revisions\/778"}],"wp:attachment":[{"href":"https:\/\/chimpampum.com\/es\/wp-json\/wp\/v2\/media?parent=106"}],"curies":[{"name":"wp","href":"https:\/\/api.w.org\/{rel}","templated":true}]}}