{"id":104,"date":"2018-12-18T15:34:00","date_gmt":"2018-12-18T15:34:00","guid":{"rendered":"http:\/\/www.chimpampum.com\/es\/?page_id=104"},"modified":"2019-03-04T15:56:33","modified_gmt":"2019-03-04T14:56:33","slug":"politica-cookies","status":"publish","type":"page","link":"https:\/\/chimpampum.com\/es\/politica-cookies\/","title":{"rendered":"Informaci\u00f3n sobre cookies"},"content":{"rendered":"\n<h4 class=\"wp-block-heading\">\u00bfQu\u00e9 son las cookies?<\/h4>\n\n\n\n<p>Las cookies son unos archivos que se instalan en el equipo desde el \nque accedes a nuestra web con las finalidades que se describen en esta \np\u00e1gina.<\/p>\n\n\n\n<p>Cookies no exceptuadas de TERCEROS incluidas en nuestro sitio web:<\/p>\n\n\n\n<p>1- Este servicio nos lo proporciona Google<\/p>\n\n\n\n<p>Raz\u00f3n Social de la empresa : Google Ireland, Ltd.<\/p>\n\n\n\n<p>Google Analytics&nbsp;es una: herramienta de anal\u00edtica web que permite a \nlos propietarios de sitios saber el grado de implicaci\u00f3n de los usuarios\n con su p\u00e1gina web. Los clientes de Google Analytics pueden consultar \nvarios informes en los que se describe c\u00f3mo interact\u00faan los usuarios que\n visitan sus sitios web con el prop\u00f3sito de mejorarlos. Google Analytics\n recaba informaci\u00f3n de forma an\u00f3nima, es decir, informa de las \ntendencias del sitio sin identificar a sus usuarios.<\/p>\n\n\n\n<p>Todos los propietarios de sitios web que utilicen Google Analytics \ndeben contar con una pol\u00edtica de privacidad en la que se especifique el \nuso de Google Analytics.<\/p>\n\n\n\n<p>Informaci\u00f3n sobre Analytics&nbsp;<a href=\"http:\/\/www.google.com\/analytics\/\" target=\"_blank\" rel=\"noreferrer noopener\">www.google.com\/analytics\/<\/a><\/p>\n\n\n\n<p>Privacidad&nbsp;<a href=\"http:\/\/www.google.es\/intl\/es\/analytics\/privacyoverview.html\" target=\"_blank\" rel=\"noreferrer noopener\">www.google.es\/intl\/es\/analytics\/privacyoverview.html<\/a><\/p>\n\n\n\n<p>2- Este servicio nos lo facilita Google<\/p>\n\n\n\n<p>Raz\u00f3n Social de la empresa : Google Ireland, Ltd.<\/p>\n\n\n\n<p>Google Ads\u00a0es una: herramienta de publicidad cuya funci\u00f3n de  remarketing o p\u00fablicos similares de Ads le permite mostrar sus  anuncios a las personas que hayan visitado su p\u00e1gina web con  anterioridad, con lo que puede ofrecer el mensaje perfecto al p\u00fablico  m\u00e1s id\u00f3neo, informa de las tendencias del sitio sin identificar a sus  usuarios.<\/p>\n\n\n\n<p>Informaci\u00f3n sobre Ads\u00a0<a rel=\"noreferrer noopener\" href=\"http:\/\/adwords.google.es\/\" target=\"_blank\">http:\/\/ads.google.es\/<\/a><\/p>\n\n\n\n<p>Privacidad\u00a0<a href=\"https:\/\/support.google.com\/adspolicy\/\" target=\"_blank\" rel=\"noreferrer noopener\" aria-label=\" (opens in a new tab)\">https:\/\/support.google.com\/adspolicy\/<\/a><\/p>\n\n\n\n<p>3- Este servicio nos lo facilita Google<\/p>\n\n\n\n<p>Raz\u00f3n Social de la empresa : Google Ireland, Ltd.<\/p>\n\n\n\n<p>Doubleclick.net de Google, permite realizar de forma efectiva el \nremarketing y configurar diferentes anuncios en relaci\u00f3n a la p\u00e1gina \nvisitada en nuestro p\u00e1gina web con el prop\u00f3sito de mostrar la \ninformaci\u00f3n m\u00e1s adecuada al visitante ofreciendo el mensaje perfecto al \np\u00fablico m\u00e1s id\u00f3neo.<\/p>\n\n\n\n<p>Informaci\u00f3n sobre Doubleclick de Google Adwords&nbsp;<a href=\"http:\/\/www.google.com\/doubleclick\/insights\/\" target=\"_blank\" rel=\"noreferrer noopener\">http:\/\/www.google.com\/doubleclick\/insights\/<\/a><\/p>\n\n\n\n<p>Privacidad&nbsp;<a href=\"https:\/\/support.google.com\/adwordspolicy\" target=\"_blank\" rel=\"noreferrer noopener\">https:\/\/support.google.com\/adwordspolicy<\/a><\/p>\n\n\n\n<p>4- Este servicio nos lo facilita Mailchimp<\/p>\n\n\n\n<p>Privacidad <a href=\"https:\/\/mailchimp.com\/legal\/cookies\/\">https:\/\/mailchimp.com\/legal\/cookies\/<\/a><\/p>\n\n\n\n<h4 class=\"wp-block-heading\">SOBRE PERMITIR Y ELIMINAR LAS COOKIES.<\/h4>\n\n\n\n<p>Para permitir, conocer, bloquear o eliminar las cookies instaladas en\n tu equipo puedes hacerlo mediante la configuraci\u00f3n de las opciones del \nnavegador instalado en su ordenador.<\/p>\n\n\n\n<p>Por ejemplo puedes encontrar informaci\u00f3n sobre c\u00f3mo hacerlo en el caso que uses como navegador:<\/p>\n\n\n\n<p>Firefox desde aqu\u00ed:&nbsp;<a href=\"http:\/\/support.mozilla.org\/es\/kb\/habilitar-y-deshabilitar-cookies-que-los-sitios-we\" target=\"_blank\" rel=\"noreferrer noopener\">http:\/\/support.mozilla.org\/es\/kb\/habilitar-y-deshabilitar-cookies-que-los-sitios-we<\/a><\/p>\n\n\n\n<p>Chrome desde aqu\u00ed:&nbsp;<a href=\"http:\/\/support.google.com\/chrome\/bin\/answer.py?hl=es&amp;answer=95647\" target=\"_blank\" rel=\"noreferrer noopener\">http:\/\/support.google.com\/chrome\/bin\/answer.py?hl=es&amp;answer=95647<\/a><\/p>\n\n\n\n<p>Microsoft Edge desde aqu\u00ed: <a href=\"https:\/\/privacy.microsoft.com\/es-es\/windows-10-microsoft-edge-and-privacy\" target=\"_blank\" rel=\"noreferrer noopener\" aria-label=\" (abre en una nueva pesta\u00f1a)\">https:\/\/privacy.microsoft.com\/es-es\/windows-10-microsoft-edge-and-privacy<\/a><\/p>\n\n\n\n<p>Safari desde aqu\u00ed:&nbsp;<a href=\"https:\/\/support.apple.com\/es-es\/guide\/safari\/sfri11471\/mac\" target=\"_blank\" rel=\"noreferrer noopener\" aria-label=\" (abre en una nueva pesta\u00f1a)\">https:\/\/support.apple.com\/es-es\/guide\/safari\/sfri11471\/mac<\/a><\/p>\n\n\n\n<p>Opera desde aqu\u00ed: <a href=\"https:\/\/help.opera.com\/en\/latest\/web-preferences\/#cookies\" target=\"_blank\" rel=\"noreferrer noopener\" aria-label=\" (abre en una nueva pesta\u00f1a)\">https:\/\/help.opera.com\/en\/latest\/web-preferences\/#cookies<\/a><\/p>\n<!-- AddThis Advanced Settings generic via filter on the_content --><!-- AddThis Share Buttons generic via filter on the_content --><!-- AddThis Related Posts generic via filter on the_content -->","protected":false},"excerpt":{"rendered":"<p>\u00bfQu\u00e9 son las cookies? Las cookies son unos archivos que se instalan en el equipo desde el que accedes a nuestra web con las finalidades que se describen en esta p\u00e1gina. Cookies no exceptuadas de TERCEROS incluidas en nuestro sitio web: 1- Este servicio nos lo proporciona Google Raz\u00f3n Social de la empresa : Google [&hellip;]<!-- AddThis Advanced Settings generic via filter on get_the_excerpt --><!-- AddThis Share Buttons generic via filter on get_the_excerpt --><!-- AddThis Related Posts generic via filter on get_the_excerpt --><\/p>\n","protected":false},"author":2,"featured_media":0,"parent":0,"menu_order":0,"comment_status":"closed","ping_status":"closed","template":"","meta":{"footnotes":""},"yoast_head":"<!-- This site is optimized with the Yoast SEO plugin v22.9 - https:\/\/yoast.com\/wordpress\/plugins\/seo\/ -->\n<title>Informaci\u00f3n sobre cookies - CHIMPAMPUM<\/title>\n<meta name=\"description\" content=\"Informaci\u00f3n sobre cookies que utilizamos en nuestra web de www.chimpampum.com\" \/>\n<meta name=\"robots\" content=\"index, follow, max-snippet:-1, max-image-preview:large, max-video-preview:-1\" \/>\n<link rel=\"canonical\" href=\"https:\/\/chimpampum.com\/es\/politica-cookies\/\" \/>\n<meta property=\"og:locale\" content=\"es_ES\" \/>\n<meta property=\"og:type\" content=\"article\" \/>\n<meta property=\"og:title\" content=\"Informaci\u00f3n sobre cookies - CHIMPAMPUM\" \/>\n<meta property=\"og:description\" content=\"Informaci\u00f3n sobre cookies que utilizamos en nuestra web de www.chimpampum.com\" \/>\n<meta property=\"og:url\" content=\"https:\/\/chimpampum.com\/es\/politica-cookies\/\" \/>\n<meta property=\"og:site_name\" content=\"CHIMPAMPUM\" \/>\n<meta property=\"article:publisher\" content=\"https:\/\/www.facebook.com\/chimpampumOficial\/\" \/>\n<meta property=\"article:modified_time\" content=\"2019-03-04T14:56:33+00:00\" \/>\n<meta name=\"twitter:card\" content=\"summary_large_image\" \/>\n<meta name=\"twitter:site\" content=\"@Chimpam_Oficial\" \/>\n<meta name=\"twitter:label1\" content=\"Tiempo de lectura\" \/>\n\t<meta name=\"twitter:data1\" content=\"2 minutos\" \/>\n<script type=\"application\/ld+json\" class=\"yoast-schema-graph\">{\"@context\":\"https:\/\/schema.org\",\"@graph\":[{\"@type\":\"WebPage\",\"@id\":\"https:\/\/chimpampum.com\/es\/politica-cookies\/\",\"url\":\"https:\/\/chimpampum.com\/es\/politica-cookies\/\",\"name\":\"Informaci\u00f3n sobre cookies - CHIMPAMPUM\",\"isPartOf\":{\"@id\":\"https:\/\/chimpampum.com\/es\/#website\"},\"datePublished\":\"2018-12-18T15:34:00+00:00\",\"dateModified\":\"2019-03-04T14:56:33+00:00\",\"description\":\"Informaci\u00f3n sobre cookies que utilizamos en nuestra web de www.chimpampum.com\",\"breadcrumb\":{\"@id\":\"https:\/\/chimpampum.com\/es\/politica-cookies\/#breadcrumb\"},\"inLanguage\":\"es\",\"potentialAction\":[{\"@type\":\"ReadAction\",\"target\":[\"https:\/\/chimpampum.com\/es\/politica-cookies\/\"]}]},{\"@type\":\"BreadcrumbList\",\"@id\":\"https:\/\/chimpampum.com\/es\/politica-cookies\/#breadcrumb\",\"itemListElement\":[{\"@type\":\"ListItem\",\"position\":1,\"name\":\"Inicio\",\"item\":\"https:\/\/chimpampum.com\/es\/\"},{\"@type\":\"ListItem\",\"position\":2,\"name\":\"Informaci\u00f3n sobre cookies\"}]},{\"@type\":\"WebSite\",\"@id\":\"https:\/\/chimpampum.com\/es\/#website\",\"url\":\"https:\/\/chimpampum.com\/es\/\",\"name\":\"CHIMPAMPUM\",\"description\":\"\u00a1Ya lo entiendo!\",\"publisher\":{\"@id\":\"https:\/\/chimpampum.com\/es\/#organization\"},\"potentialAction\":[{\"@type\":\"SearchAction\",\"target\":{\"@type\":\"EntryPoint\",\"urlTemplate\":\"https:\/\/chimpampum.com\/es\/?s={search_term_string}\"},\"query-input\":\"required name=search_term_string\"}],\"inLanguage\":\"es\"},{\"@type\":\"Organization\",\"@id\":\"https:\/\/chimpampum.com\/es\/#organization\",\"name\":\"CHiMPAMPUM\",\"url\":\"https:\/\/chimpampum.com\/es\/\",\"logo\":{\"@type\":\"ImageObject\",\"inLanguage\":\"es\",\"@id\":\"https:\/\/chimpampum.com\/es\/#\/schema\/logo\/image\/\",\"url\":\"https:\/\/chimpampum.com\/es\/wp-content\/uploads\/2018\/11\/Logo-Chimpampum_i_petita_v2.png\",\"contentUrl\":\"https:\/\/chimpampum.com\/es\/wp-content\/uploads\/2018\/11\/Logo-Chimpampum_i_petita_v2.png\",\"width\":189,\"height\":201,\"caption\":\"CHiMPAMPUM\"},\"image\":{\"@id\":\"https:\/\/chimpampum.com\/es\/#\/schema\/logo\/image\/\"},\"sameAs\":[\"https:\/\/www.facebook.com\/chimpampumOficial\/\",\"https:\/\/x.com\/Chimpam_Oficial\"]}]}<\/script>\n<!-- \/ Yoast SEO plugin. -->","yoast_head_json":{"title":"Informaci\u00f3n sobre cookies - CHIMPAMPUM","description":"Informaci\u00f3n sobre cookies que utilizamos en nuestra web de www.chimpampum.com","robots":{"index":"index","follow":"follow","max-snippet":"max-snippet:-1","max-image-preview":"max-image-preview:large","max-video-preview":"max-video-preview:-1"},"canonical":"https:\/\/chimpampum.com\/es\/politica-cookies\/","og_locale":"es_ES","og_type":"article","og_title":"Informaci\u00f3n sobre cookies - CHIMPAMPUM","og_description":"Informaci\u00f3n sobre cookies que utilizamos en nuestra web de www.chimpampum.com","og_url":"https:\/\/chimpampum.com\/es\/politica-cookies\/","og_site_name":"CHIMPAMPUM","article_publisher":"https:\/\/www.facebook.com\/chimpampumOficial\/","article_modified_time":"2019-03-04T14:56:33+00:00","twitter_card":"summary_large_image","twitter_site":"@Chimpam_Oficial","twitter_misc":{"Tiempo de lectura":"2 minutos"},"schema":{"@context":"https:\/\/schema.org","@graph":[{"@type":"WebPage","@id":"https:\/\/chimpampum.com\/es\/politica-cookies\/","url":"https:\/\/chimpampum.com\/es\/politica-cookies\/","name":"Informaci\u00f3n sobre cookies - CHIMPAMPUM","isPartOf":{"@id":"https:\/\/chimpampum.com\/es\/#website"},"datePublished":"2018-12-18T15:34:00+00:00","dateModified":"2019-03-04T14:56:33+00:00","description":"Informaci\u00f3n sobre cookies que utilizamos en nuestra web de www.chimpampum.com","breadcrumb":{"@id":"https:\/\/chimpampum.com\/es\/politica-cookies\/#breadcrumb"},"inLanguage":"es","potentialAction":[{"@type":"ReadAction","target":["https:\/\/chimpampum.com\/es\/politica-cookies\/"]}]},{"@type":"BreadcrumbList","@id":"https:\/\/chimpampum.com\/es\/politica-cookies\/#breadcrumb","itemListElement":[{"@type":"ListItem","position":1,"name":"Inicio","item":"https:\/\/chimpampum.com\/es\/"},{"@type":"ListItem","position":2,"name":"Informaci\u00f3n sobre cookies"}]},{"@type":"WebSite","@id":"https:\/\/chimpampum.com\/es\/#website","url":"https:\/\/chimpampum.com\/es\/","name":"CHIMPAMPUM","description":"\u00a1Ya lo entiendo!","publisher":{"@id":"https:\/\/chimpampum.com\/es\/#organization"},"potentialAction":[{"@type":"SearchAction","target":{"@type":"EntryPoint","urlTemplate":"https:\/\/chimpampum.com\/es\/?s={search_term_string}"},"query-input":"required name=search_term_string"}],"inLanguage":"es"},{"@type":"Organization","@id":"https:\/\/chimpampum.com\/es\/#organization","name":"CHiMPAMPUM","url":"https:\/\/chimpampum.com\/es\/","logo":{"@type":"ImageObject","inLanguage":"es","@id":"https:\/\/chimpampum.com\/es\/#\/schema\/logo\/image\/","url":"https:\/\/chimpampum.com\/es\/wp-content\/uploads\/2018\/11\/Logo-Chimpampum_i_petita_v2.png","contentUrl":"https:\/\/chimpampum.com\/es\/wp-content\/uploads\/2018\/11\/Logo-Chimpampum_i_petita_v2.png","width":189,"height":201,"caption":"CHiMPAMPUM"},"image":{"@id":"https:\/\/chimpampum.com\/es\/#\/schema\/logo\/image\/"},"sameAs":["https:\/\/www.facebook.com\/chimpampumOficial\/","https:\/\/x.com\/Chimpam_Oficial"]}]}},"amp_enabled":true,"_links":{"self":[{"href":"https:\/\/chimpampum.com\/es\/wp-json\/wp\/v2\/pages\/104"}],"collection":[{"href":"https:\/\/chimpampum.com\/es\/wp-json\/wp\/v2\/pages"}],"about":[{"href":"https:\/\/chimpampum.com\/es\/wp-json\/wp\/v2\/types\/page"}],"author":[{"embeddable":true,"href":"https:\/\/chimpampum.com\/es\/wp-json\/wp\/v2\/users\/2"}],"replies":[{"embeddable":true,"href":"https:\/\/chimpampum.com\/es\/wp-json\/wp\/v2\/comments?post=104"}],"version-history":[{"count":8,"href":"https:\/\/chimpampum.com\/es\/wp-json\/wp\/v2\/pages\/104\/revisions"}],"predecessor-version":[{"id":824,"href":"https:\/\/chimpampum.com\/es\/wp-json\/wp\/v2\/pages\/104\/revisions\/824"}],"wp:attachment":[{"href":"https:\/\/chimpampum.com\/es\/wp-json\/wp\/v2\/media?parent=104"}],"curies":[{"name":"wp","href":"https:\/\/api.w.org\/{rel}","templated":true}]}}